{"id":9389,"date":"2019-02-06T14:55:44","date_gmt":"2019-02-06T13:55:44","guid":{"rendered":"https:\/\/thegreenlife.it\/?page_id=9389"},"modified":"2019-02-06T16:07:08","modified_gmt":"2019-02-06T15:07:08","slug":"chi-siamo-2","status":"publish","type":"page","link":"https:\/\/thegreenlife.it\/?page_id=9389","title":{"rendered":"Informazioni"},"content":{"rendered":"<p>[vc_row el_class=&#8221;custom-content-main theme-container&#8221; css=&#8221;.vc_custom_1549465209533{padding-top: 30px !important;background-color: #ffffff !important;}&#8221;][vc_column]<div class=\"shortcode-title center \"><div class=\"big-title\"><h1 class=\"light-title\" style=\"color:#3eab37;\">La Canapa<\/h1><\/div><\/div>[vc_row_inner][vc_column_inner el_class=&#8221;about-us&#8221; width=&#8221;1\/2&#8243; css=&#8221;.vc_custom_1491973733106{padding-right: 30px !important;padding-bottom: 30px !important;}&#8221;][vc_column_text css=&#8221;.vc_custom_1549465619626{padding-right: 10px !important;padding-bottom: 10px !important;padding-left: 10px !important;}&#8221;]Pianta nobile con un fusto eretto la cui altezza pu\u00f2 raggiungere fino i 3-4 metri a seconda delle variet\u00e0 e dell&#8217;ambiente.<br \/>\nI suoi semi sono ricchi d&#8217;olio ad alto valore nutrizionale, mentre i fiori contengono diversi composti farmacologicamente rilevanti. Per le sue molteplici qualit\u00e0, ha accompagnato l\u2019uomo per millenni, fino a quando una campagna di criminalizzazione globale, finanziata dagli interessi delle grandi compagnie chimico-petrolifere (intenzionate a introdurre i filati sintetici), ha trasformato la specie vegetale pi\u00f9 diffusa sul globo (l\u2019Italia era il terzo produttore al mondo), in una droga.<\/p>\n<p>La canapa e le sue tante variet\u00e0 costituiscono un\u2019importante risorsa per il pianeta, soprattutto adesso che si comprende l\u2019importanza dell\u2019utilizzo di fibre naturali e biologiche.\u00a0Ma come ben sappiamo la canapa \u00e8 molto di pi\u00f9 che solo una fibra per realizzare tessuti resistenti, \u00e8 anche un alimento (la farina di semi di canapa \u00e8 molto ricercata), un ingrediente per cosmetici, deodoranti e anche una pianta capace di eliminare gli inquinanti dal terreno e di arricchirlo di importanti sostanze.<\/p>\n<p>Siamo convinti che questa risorsa facile da coltivare a tutte le latitudini del pianeta, possa giocare un ruolo chiave in un futuro di eco-sostenibilit\u00e0: il nostro obiettivo \u00e8 incentivare la diffusione di una pianta necessaria ad un Domani pi\u00f9 Green.[\/vc_column_text][\/vc_column_inner][vc_column_inner el_class=&#8221;about-slider&#8221; width=&#8221;1\/2&#8243;][vc_gallery interval=&#8221;0&#8243; images=&#8221;9390&#8243; img_size=&#8221;800*500&#8243; onclick=&#8221;img_link_large&#8221;][\/vc_column_inner][\/vc_row_inner][vc_row_inner css=&#8221;.vc_custom_1549460585639{margin-top: 60px !important;}&#8221;][vc_column_inner el_class=&#8221;about-slider&#8221;]<div class=\"shortcode-title center \"><div class=\"big-title\"><h1 class=\"light-title\" style=\"color:#3eab37;\">Propriet\u00e0 terapeutiche del CBD<\/h1><\/div><\/div>[\/vc_column_inner][\/vc_row_inner][vc_row_inner][vc_column_inner el_class=&#8221;about-us&#8221; width=&#8221;1\/2&#8243;][vc_gallery interval=&#8221;0&#8243; images=&#8221;9394&#8243; img_size=&#8221;800*500&#8243; onclick=&#8221;img_link_large&#8221;][\/vc_column_inner][vc_column_inner el_class=&#8221;about-slider&#8221; width=&#8221;1\/2&#8243;][vc_column_text css=&#8221;.vc_custom_1549465627435{padding-right: 10px !important;padding-bottom: 10px !important;padding-left: 10px !important;}&#8221;]Il CBD agisce come un forte ansiolitico (riduce l\u2019ansia), \u00e8 un anticonvulsivante, un antiemetico (riduce la nausea), ha azione antinfiammatoria, \u00e8 un ottimo antiossidante (\u00e8 meglio delle vitamine C e E), ha propriet\u00e0 antipsicotiche e antidepressive. Uno degli aspetti pi\u00f9 interessanti del CBD sono le sue propriet\u00e0 anti-infiammatorie, anti-ossidanti e neuro-protettive da cui deriva una grande speranza nel trattamento dell\u2019Alzheimer, del morbo di Parkinson e di tutte le malattie neurodegenerative.<\/p>\n<p>The Green Life distribuisce infiorescenze di canapa (Cannabis sativa L) di variet\u00e0 certificata secondo le direttiva 2002\/53\/CE del Consiglio UE. Prodotto derivante dalla coltivazione agroindustriale biologica della canapa con un contenuto di THC conforme ai sensi della legge 2 Dicembre 2016 n. 242. Non \u00e8 un prodotto stupefacente, alimentare o medicinale. Non bruciare. Non ingerire. Prodotto destinato al solo uso tecnico didattico e da collezione. Tenere fuori dalla portata dei bambini. Vietato ai minori di 18 anni.[\/vc_column_text][\/vc_column_inner][\/vc_row_inner][\/vc_column][\/vc_row][vc_row css=&#8221;.vc_custom_1531375123975{padding-top: 30px !important;padding-bottom: 60px !important;}&#8221;][vc_column][\/vc_column][\/vc_row]<\/p>\n","protected":false},"excerpt":{"rendered":"<p>[vc_row el_class=&#8221;custom-content-main theme-container&#8221; css=&#8221;.vc_custom_1549465209533{padding-top: 30px !important;background-color: #ffffff !important;}&#8221;][vc_column][vc_row_inner][vc_column_inner el_class=&#8221;about-us&#8221; width=&#8221;1\/2&#8243; css=&#8221;.vc_custom_1491973733106{padding-right: 30px !important;padding-bottom: 30px !important;}&#8221;][vc_column_text css=&#8221;.vc_custom_1549465619626{padding-right: 10px !important;padding-bottom: 10px !important;padding-left: 10px !important;}&#8221;]Pianta nobile con un fusto eretto la cui altezza pu\u00f2 raggiungere fino i 3-4 metri a seconda delle variet\u00e0 e dell&#8217;ambiente. I suoi semi sono ricchi d&#8217;olio ad alto valore nutrizionale, mentre i fiori contengono diversi composti farmacologicamente rilevanti. Per le sue molteplici qualit\u00e0, ha accompagnato l\u2019uomo per millenni, fino a quando una campagna di criminalizzazione globale, finanziata dagli interessi delle grandi compagnie chimico-petrolifere (intenzionate a introdurre i filati sintetici), ha trasformato la specie vegetale pi\u00f9 diffusa sul globo (l\u2019Italia era il terzo produttore al mondo), in una droga. La canapa e le sue tante variet\u00e0 costituiscono un\u2019importante risorsa per il pianeta, soprattutto adesso che si comprende l\u2019importanza dell\u2019utilizzo di fibre naturali e biologiche.\u00a0Ma come ben sappiamo la canapa \u00e8 molto di pi\u00f9 che solo una fibra per realizzare&hellip; <a class=\"read-more-link\" href=\"https:\/\/thegreenlife.it\/?page_id=9389\">Read More<\/a><\/p>\n","protected":false},"author":1,"featured_media":0,"parent":0,"menu_order":0,"comment_status":"closed","ping_status":"closed","template":"","meta":{"footnotes":""},"class_list":["post-9389","page","type-page","status-publish","hentry"],"_links":{"self":[{"href":"https:\/\/thegreenlife.it\/index.php?rest_route=\/wp\/v2\/pages\/9389","targetHints":{"allow":["GET"]}}],"collection":[{"href":"https:\/\/thegreenlife.it\/index.php?rest_route=\/wp\/v2\/pages"}],"about":[{"href":"https:\/\/thegreenlife.it\/index.php?rest_route=\/wp\/v2\/types\/page"}],"author":[{"embeddable":true,"href":"https:\/\/thegreenlife.it\/index.php?rest_route=\/wp\/v2\/users\/1"}],"replies":[{"embeddable":true,"href":"https:\/\/thegreenlife.it\/index.php?rest_route=%2Fwp%2Fv2%2Fcomments&post=9389"}],"version-history":[{"count":9,"href":"https:\/\/thegreenlife.it\/index.php?rest_route=\/wp\/v2\/pages\/9389\/revisions"}],"predecessor-version":[{"id":9424,"href":"https:\/\/thegreenlife.it\/index.php?rest_route=\/wp\/v2\/pages\/9389\/revisions\/9424"}],"wp:attachment":[{"href":"https:\/\/thegreenlife.it\/index.php?rest_route=%2Fwp%2Fv2%2Fmedia&parent=9389"}],"curies":[{"name":"wp","href":"https:\/\/api.w.org\/{rel}","templated":true}]}}