{"id":8579,"date":"2018-06-09T06:06:33","date_gmt":"2018-06-09T05:06:33","guid":{"rendered":"http:\/\/wordpress.templatemela.com\/woo\/WCM03\/WCM030070\/?page_id=8579"},"modified":"2019-02-13T16:42:04","modified_gmt":"2019-02-13T15:42:04","slug":"terms-conditions","status":"publish","type":"page","link":"https:\/\/thegreenlife.it\/?page_id=8579","title":{"rendered":"Termini &#038; Condizioni"},"content":{"rendered":"<h1><strong>PRIVACY<\/strong><br \/>\n<strong>TRATTAMENTO DEI DATI PERSONALI SUL SITO DI VENDITA ON LINE THE GREEN LIFE<\/strong><\/h1>\n<p><strong>DOCUMENTO INFORMATIVO AI SENSI E PER GLI EFFETTI DI CUI ALL\u2019ARTICOLO 13, D. LGS. N. 196\/2003<\/strong><br \/>\nIn osservanza di quanto previsto dal D. Lgs. n. 196\/2003, Le forniamo le dovute informazioni in ordine alle finalit\u00e0 e modalit\u00e0 del trattamento dei Suoi dati personali, nonch\u00e9 l\u2019ambito di comunicazione e diffusione degli stessi, alla natura dei dati in nostro possesso e del loro conferimento.<\/p>\n<p><strong>TITOLARE DEL TRATTAMENTO<\/strong><br \/>\nE\u2019 la ditta La Taverna di Di Maria Carmine e Nadia s.s.a. con sede a Fontanelice (BO) 40025, Via Casolana 53,\u00a0P.IVA e C.F. 02765941204,\u00a0 Tel. +39 393 199 0238 oppure email: info@thegreenlife.it. La Taverna di Di Maria Carmine e Nadia s.s.a. tratter\u00e0 i dati raccolti nel rispetto della normativa e dei principi di liceit\u00e0, trasparenza e correttezza previsti dal d. lgs.196\/03. Il responsabile dei dati \u00e8 l\u2019amministratore in carica della societ\u00e0.<\/p>\n<p><strong>MODALIT\u00c0 E FINALIT\u00c0 DEL TRATTAMENTO<\/strong><br \/>\n\u25cf I dati sono raccolti a fini contrattuali, amministrativo-contabili o di rispetto delle normative cui esse afferiscono (ad esempio: detrazione per prodotti sanitari) e per l\u2019instaurazione di rapporti commerciali.<\/p>\n<p>\u25cf I dati raccolti potranno\/dovranno essere poi registrati, archiviati e conservati in osservanza delle vigenti disposizioni di legge.<\/p>\n<p>\u25cf Il trattamento sar\u00e0 effettuato con l&#8217;ausilio sia di sistemi elettronici sia di sistemi cartacei ad opera di soggetti di ci\u00f2 appositamente incaricati a cura del Responsabile del trattamento.<\/p>\n<p><strong>AMBITO DI COMUNICAZIONE E DIFFUSIONE<\/strong><br \/>\nI Suoi dati, oggetto del trattamento, non saranno comunicati e\/o ceduti a terzi, ma potranno essere in seguito comunicati per le finalit\u00e0 sopra indicate:<\/p>\n<p>\u25cf alla nostra Banca di appoggio;<\/p>\n<p>\u25cf ai nostri consulenti di fiducia;<\/p>\n<p>\u25cf alle Autorit\u00e0 Pubblica competenti, solo ove richiesto e necessario;<\/p>\n<p><strong>PRECISAZIONE SULLA NATURA DEL CONFERIMENTO<\/strong><br \/>\nIl conferimento dei dati \u00e8 per Lei facoltativo<\/p>\n<p><strong>TUTTAVIA<\/strong><\/p>\n<p>il Titolare rende noto, inoltre, che l&#8217;eventuale non comunicazione, o comunicazione errata, di una delle informazioni richieste, comporta l&#8217;impossibilit\u00e0 del titolare di garantire la congruit\u00e0 del trattamento stesso ai patti contrattuali per cui esso sia stato eseguito E la possibile mancata corrispondenza dei risultati del trattamento stesso agli obblighi imposti dalla normativa vigente cui esso \u00e8 indirizzato.<\/p>\n<p><strong>ESERCIZIO DEI DIRITTI DELL\u2019INTERESSATO<\/strong><br \/>\nLei potr\u00e0 in ogni momento chiedere conferma dell\u2019esistenza o meno di dati che la riguardino nei nostri archivi, cos\u00ec come il blocco (totale\/parziale), l\u2019aggiornamento, la modificazione o la cancellazione mediante semplice comunicazione scritta (anche e-mail) alla casella: info@thegreenlife.it nel rispetto di quanto previsto dagli artt. 7, 8, 9 e 10 del D. Lgs. 30 giugno 2003 n. 196, rivolgendosi al Titolare del trattamento agli indirizzi sopra indicati.<\/p>\n<p><strong>DIRITTI DELL&#8217;INTERESSATO<\/strong><br \/>\n(Diritto di accesso ai dati personali ed altri diritti)<\/p>\n<p>L&#8217;interessato ha diritto di ottenere la conferma dell&#8217;esistenza o meno di dati personali che lo riguardano, anche se non ancora registrati, e la loro comunicazione in forma intelligibile.<\/p>\n<p>L&#8217;interessato ha diritto di ottenere a) dell&#8217;origine dei dati personali;<\/p>\n<p>b) delle finalit\u00e0 e modalit\u00e0 del trattamento;<\/p>\n<p>c) della logica applicata in caso di trattamento effettuato con l&#8217;ausilio di strumenti elettronici;<\/p>\n<p>d) degli estremi identificativi del titolare, dei responsabili e del rappresentante designato ai sensi dell&#8217;articolo 5, comma 2;<\/p>\n<p>e) dei soggetti o delle categorie di soggetti ai quali i dati personali possono essere comunicati o che possono venirne a conoscenza in qualit\u00e0 di rappresentante designato nel territorio dello Stato, di responsabili o incaricati.<\/p>\n<p>L&#8217;interessato ha diritto di ottenere:<\/p>\n<p>a) l&#8217;aggiornamento, la rettificazione ovvero, quando vi ha interesse, l&#8217;integrazione dei dati;<\/p>\n<p>b) la cancellazione, la trasformazione in forma anonima o il blocco dei dati trattati in violazione di legge, compresi quelli di cui non e&#8217; necessaria la conservazione in relazione agli scopi per i quali i dati sono stati raccolti o successivamente trattati;<\/p>\n<p>c) l&#8217;attestazione che le operazioni di cui alle lettere a) e b) sono state portate a conoscenza, anche per quanto riguarda il loro contenuto, di coloro ai quali i dati sono stati comunicati o diffusi, eccettuato il caso in cui tale adempimento si rivela impossibile o comporta un impiego di mezzi manifestamente sproporzionato rispetto al diritto tutelato.<\/p>\n<p>L&#8217;interessato ha diritto di opporsi, in tutto o in parte:<\/p>\n<p>a) per motivi legittimi al trattamento dei dati personali che lo riguardano, ancorch\u00e9 pertinenti allo scopo della raccolta;<\/p>\n<p>b) al trattamento di dati personali che lo riguardano a fini di invio di materiale pubblicitario o di vendita diretta o per il compimento di ricerche di mercato o di comunicazione commerciale.<\/p>\n<p>(Esercizio dei diritti)<\/p>\n<p>I diritti di cui all&#8217;articolo 7 sono esercitati con richiesta rivolta senza formalit\u00e0 al titolare o al responsabile, anche per il tramite di un incaricato, alla quale \u00e8 fornito idoneo riscontro senza ritardo.<\/p>\n<p>(Modalit\u00e0 di esercizio)<\/p>\n<p>La richiesta rivolta al titolare o al responsabile pu\u00f2 essere trasmessa anche mediante lettera raccomandata, telefax o posta elettronica. Il Garante pu\u00f2 individuare altro idoneo sistema in riferimento a nuove soluzioni tecnologiche. Quando riguarda l&#8217;esercizio dei diritti di cui all&#8217;articolo 7, commi 1 e 2, la richiesta pu\u00f2 essere formulata anche oralmente e in tal caso \u00e8 annotata sinteticamente a cura dell&#8217;incaricato o del responsabile.<\/p>\n<p>Nell&#8217;esercizio dei diritti di cui all&#8217;articolo 7 l&#8217;interessato pu\u00f2 conferire, per iscritto, delega o procura a persone fisiche, enti, associazioni od organismi. L&#8217;interessato pu\u00f2, altres\u00ec, farsi assistere da una persona di fiducia.<\/p>\n<p>I diritti di cui all&#8217;articolo 7 riferiti a dati personali concernenti persone decedute possono essere esercitati da chi ha un interesse proprio, o agisce a tutela dell&#8217;interessato o per ragioni familiari meritevoli di protezione.<\/p>\n<p>L&#8217;identit\u00e0 dell&#8217;interessato \u00e8 verificata sulla base di idonei elementi di valutazione, anche mediante atti o documenti disponibili o esibizione o allegazione di copia di un documento di riconoscimento. La persona che agisce per conto dell&#8217;interessato esibisce o allega copia della procura, ovvero della delega sottoscritta in presenza di un incaricato o sottoscritta e presentata unitamente a copia fotostatica non autenticata di un documento di riconoscimento dell&#8217;interessato. Se l&#8217;interessato \u00e8 una persona giuridica, un ente o un&#8217;associazione, la richiesta e&#8217; avanzata dalla persona fisica legittimata in base ai rispettivi statuti od ordinamenti.<\/p>\n<p>La richiesta di cui all&#8217;articolo 7, commi 1 e 2, e&#8217; formulata liberamente e senza costrizioni e pu\u00f2 essere rinnovata, salva l&#8217;esistenza di giustificati motivi, con intervallo non minore di novanta giorni.<\/p>\n<p>(Riscontro all&#8217;interessato)<\/p>\n<p>Per garantire l&#8217;effettivo esercizio dei diritti di cui all&#8217;articolo 7 il titolare del trattamento \u00e8 tenuto ad adottare idonee misure volte, in particolare:<\/p>\n<p>a) ad agevolare l&#8217;accesso ai dati personali da parte dell&#8217;interessato, anche attraverso l&#8217;impiego di appositi programmi per elaboratore finalizzati ad un&#8217;accurata selezione dei dati che riguardano singoli interessati identificati o identificabili;<\/p>\n<p>b) a semplificare le modalit\u00e0 e a ridurre i tempi per il riscontro al richiedente, anche nell&#8217;ambito di uffici o servizi preposti alle relazioni con il pubblico.<\/p>\n<p>Quando l&#8217;estrazione dei dati risulta particolarmente difficoltosa il riscontro alla richiesta dell&#8217;interessato pu\u00f2 avvenire anche attraverso l&#8217;esibizione o la consegna in copia di atti e documenti contenenti i dati personali richiesti.<\/p>\n<p><strong>GESTIONE DEI &#8220;COOKIES&#8221;<\/strong><br \/>\nThe Green Life utilizza un &#8220;cookie&#8221; per riconoscere i clienti quando entrano nel sito e poter quindi proporre subito un&#8217;esperienza personalizzata. Il &#8220;cookie&#8221; pu\u00f2 essere cancellato seguendo la normale procedura prevista nei browser pi\u00f9 recenti. Tuttavia, sconsigliamo la cancellazione, perch\u00e9 riduce la nostra capacit\u00e0 di servirti meglio. Oltre al &#8220;cookie&#8221; appena descritto, The Green Life pu\u00f2 in alcuni casi utilizzare altri &#8220;cookie&#8221; temporanei che consentono di gestire meglio la sessione utente (es. durante il processo di pagamento).<\/p>\n<p>Disabilitando i &#8220;cookies&#8221; nel browser, alcune funzionalit\u00e0 possono risultare compromesse, inclusa la possibilit\u00e0 tecnica di accettare gli ordini dei clienti.<\/p>\n<p>Utilizzo delle informazioni personali: le informazioni personali che raccogliamo sono utilizzate principalmente per due scopi: eseguire i tuoi ordini di acquisto e proporti prodotti e servizi pi\u00f9 in linea con le tue esigenze, i tuoi interessi e le tue aspettative.<\/p>\n<p>Le nostre proposte personalizzate sono generate da calcoli statistici e matematici, che nel tempo vengono sempre pi\u00f9 sofisticati e resi precisi. Oltre a ci\u00f2, le comunicazioni che facciamo ai singoli clienti possono contenere delle proposte definite dai nostri dipendenti che si occupano di confezionare le offerte e di gestire il catalogo.<\/p>\n<p>Complessivamente, l&#8217;aumento di informazioni nel tempo ci consente di migliorare il livello di servizio. Poich\u00e9 questo avviene nel pieno rispetto della privacy e senza rischi per il cliente, visitare periodicamente Idroponica e ricevere le nostre email \u00e8 un modo gratuito e automatico di aiutarti a fare shopping meglio.<\/p>\n","protected":false},"excerpt":{"rendered":"<p>PRIVACY TRATTAMENTO DEI DATI PERSONALI SUL SITO DI VENDITA ON LINE THE GREEN LIFE DOCUMENTO INFORMATIVO AI SENSI E PER GLI EFFETTI DI CUI ALL\u2019ARTICOLO 13, D. LGS. N. 196\/2003 In osservanza di quanto previsto dal D. Lgs. n. 196\/2003, Le forniamo le dovute informazioni in ordine alle finalit\u00e0 e modalit\u00e0 del trattamento dei Suoi dati personali, nonch\u00e9 l\u2019ambito di comunicazione e diffusione degli stessi, alla natura dei dati in nostro possesso e del loro conferimento. TITOLARE DEL TRATTAMENTO E\u2019 la ditta La Taverna di Di Maria Carmine e Nadia s.s.a. con sede a Fontanelice (BO) 40025, Via Casolana 53,\u00a0P.IVA e C.F. 02765941204,\u00a0 Tel. +39 393 199 0238 oppure email: info@thegreenlife.it. La Taverna di Di Maria Carmine e Nadia s.s.a. tratter\u00e0 i dati raccolti nel rispetto della normativa e dei principi di liceit\u00e0, trasparenza e correttezza previsti dal d. lgs.196\/03. Il responsabile dei dati \u00e8 l\u2019amministratore in carica della societ\u00e0.&hellip; <a class=\"read-more-link\" href=\"https:\/\/thegreenlife.it\/?page_id=8579\">Read More<\/a><\/p>\n","protected":false},"author":1,"featured_media":0,"parent":0,"menu_order":0,"comment_status":"closed","ping_status":"closed","template":"","meta":{"footnotes":""},"class_list":["post-8579","page","type-page","status-publish","hentry"],"_links":{"self":[{"href":"https:\/\/thegreenlife.it\/index.php?rest_route=\/wp\/v2\/pages\/8579","targetHints":{"allow":["GET"]}}],"collection":[{"href":"https:\/\/thegreenlife.it\/index.php?rest_route=\/wp\/v2\/pages"}],"about":[{"href":"https:\/\/thegreenlife.it\/index.php?rest_route=\/wp\/v2\/types\/page"}],"author":[{"embeddable":true,"href":"https:\/\/thegreenlife.it\/index.php?rest_route=\/wp\/v2\/users\/1"}],"replies":[{"embeddable":true,"href":"https:\/\/thegreenlife.it\/index.php?rest_route=%2Fwp%2Fv2%2Fcomments&post=8579"}],"version-history":[{"count":3,"href":"https:\/\/thegreenlife.it\/index.php?rest_route=\/wp\/v2\/pages\/8579\/revisions"}],"predecessor-version":[{"id":9515,"href":"https:\/\/thegreenlife.it\/index.php?rest_route=\/wp\/v2\/pages\/8579\/revisions\/9515"}],"wp:attachment":[{"href":"https:\/\/thegreenlife.it\/index.php?rest_route=%2Fwp%2Fv2%2Fmedia&parent=8579"}],"curies":[{"name":"wp","href":"https:\/\/api.w.org\/{rel}","templated":true}]}}