{"id":211,"date":"2012-10-19T12:37:15","date_gmt":"2012-10-19T11:37:15","guid":{"rendered":"http:\/\/template-demos.com\/wp\/WP01\/WP010005\/?page_id=2"},"modified":"2022-01-18T11:25:59","modified_gmt":"2022-01-18T10:25:59","slug":"chi-siamo","status":"publish","type":"page","link":"https:\/\/thegreenlife.it\/?page_id=211","title":{"rendered":"Chi siamo"},"content":{"rendered":"<p>[vc_row el_class=&#8221;custom-content-main theme-container&#8221; css=&#8221;.vc_custom_1549464971564{padding-top: 30px !important;padding-right: 0px !important;padding-left: 0px !important;background-color: #ffffff !important;}&#8221;][vc_column][vc_row_inner][vc_column_inner el_class=&#8221;about-us&#8221; width=&#8221;1\/2&#8243; css=&#8221;.vc_custom_1491973733106{padding-right: 30px !important;padding-bottom: 30px !important;}&#8221;][vc_column_text css=&#8221;.vc_custom_1549465568931{padding-right: 10px !important;padding-bottom: 10px !important;padding-left: 10px !important;}&#8221;]Siamo un\u2019azienda agricola da tre generazioni, in espansione grazie al ricambio generazionale.<br \/>\nLa nostra azienda che copre una superficie di oltre 22 ettari, dei quali su circa \u00bd ha dalla fine del 2017 coltiviamo canapa sativa L.<\/p>\n<p>Coltiviamo le nostre piante di canapa legale all\u2019aperto e in serra indoor, in una zona collinare a 500 metri s.l.m., sull\u2019appennino Tosco-Romagnolo.<\/p>\n<p>Il nostro core business \u00e8 la produzione di fiori e derivati di canapa di alta qualit\u00e0, mercato in forte espansione, viste anche le numerose propriet\u00e0 benefiche dei suoi derivati. Tutte le nostre piante provengono da semi certificati, presenti nella lista delle sementi certificate europee secondo le direttiva 2002\/53\/CE del Consiglio UE.<\/p>\n<p>Le nostre 3 variet\u00e0 di canapa racchiudono le migliori caratteristiche di profumo, sapore e contemporaneamente offrono ottimi livelli di CBD e un livello di THC conforme ai sensi della legge 2 Dicembre 2016 n. 242<\/p>\n<p>Abbiamo scelto il meglio per offrirti un prodotto di altissima qualit\u00e0![\/vc_column_text][\/vc_column_inner][vc_column_inner el_class=&#8221;about-slider&#8221; width=&#8221;1\/2&#8243;][vc_gallery interval=&#8221;0&#8243; images=&#8221;9150&#8243; img_size=&#8221;800*500&#8243; onclick=&#8221;img_link_large&#8221;][\/vc_column_inner][\/vc_row_inner][vc_row_inner css=&#8221;.vc_custom_1549460585639{margin-top: 60px !important;}&#8221;][vc_column_inner el_class=&#8221;about-slider&#8221;]<div class=\"shortcode-title center \"><div class=\"big-title\"><h1 class=\"light-title\" style=\"color:#3eab37;\">LA NOSTRA STORIA<\/h1><\/div><\/div>[\/vc_column_inner][\/vc_row_inner][vc_row_inner][vc_column_inner el_class=&#8221;about-us&#8221; width=&#8221;1\/2&#8243; css=&#8221;.vc_custom_1549465140634{padding-bottom: 30px !important;}&#8221;][vc_gallery interval=&#8221;0&#8243; images=&#8221;9383&#8243; img_size=&#8221;800*500&#8243; onclick=&#8221;img_link_large&#8221;][\/vc_column_inner][vc_column_inner el_class=&#8221;about-slider&#8221; width=&#8221;1\/2&#8243;][vc_column_text css=&#8221;.vc_custom_1549465577595{padding-right: 10px !important;padding-bottom: 10px !important;padding-left: 10px !important;}&#8221;]TheGreenLife nasce alla fine del 2017, si iniziava a parlare di quanto la legge 242\/2016 avesse dato un nuovo impulso alla coltivazione di una pianta cos\u00ec bistrattata come la canapa.<br \/>\nDa sempre attenti al dibattito sull\u2019argomento ci siamo sentiti, noi, che siamo due, Stefano e Alex di provare a far diventare realt\u00e0 questa idea.<br \/>\nAbbiamo scelto di investire in questa filiera facendo partire la nostra prima coltivazione outdoor e lanciando il nuovo progetto 2019 con la creazione di una nuova serra industriale indoor.<br \/>\nLo studio delle metodologie di coltivazioni e caratteristiche di questa magnifica pianta inizi\u00f2 quindi alla fine del 2017, per arrivare finalmente a Maggio 2018 alla nostra prima germinazione.<br \/>\nIl processo \u00e8 durato alcuni mesi, non senza inconvenienti o imprevisti ma la nostra passione e motivazione ci ha fatto sempre tenere duro.<br \/>\nLa canapa \u00e8 diventata in poco tempo una delle nostre passioni, e il risultato lo potete vedere su queste pagine, cogliere sul nostro profilo Instagram e soprattutto toccare con mano scegliendo la nostra<strong> canapa legale TheGreenLife<\/strong>.<\/p>\n<p>Dal nostro amore e la nostra passione \u00e8 nato un progetto in cui crediamo tantissimo e che speriamo di far crescere giorno dopo giorno.[\/vc_column_text][\/vc_column_inner][\/vc_row_inner][vc_row_inner css=&#8221;.vc_custom_1549460594680{margin-top: 60px !important;}&#8221;][vc_column_inner el_class=&#8221;about-us&#8221; css=&#8221;.vc_custom_1491973733106{padding-right: 30px !important;padding-bottom: 30px !important;}&#8221;]<div class=\"shortcode-title center \"><div class=\"big-title\"><h1 class=\"light-title\" style=\"color:#3eab37;\">Perch\u00e9 The Green Life<\/h1><\/div><\/div>[\/vc_column_inner][\/vc_row_inner][vc_row_inner][vc_column_inner el_class=&#8221;about-us&#8221; width=&#8221;1\/2&#8243; css=&#8221;.vc_custom_1491973733106{padding-right: 30px !important;padding-bottom: 30px !important;}&#8221;][vc_column_text css=&#8221;.vc_custom_1549465585988{padding-right: 10px !important;padding-bottom: 10px !important;padding-left: 10px !important;}&#8221;]La nostra azienda agricola garantisce un prodotto Made in Italy pulito a mano, coltivato in regime biologico, senza l\u2019utilizzo di pesticidi e l\u2019aggiunta di terpeni.<br \/>\nIl nostro obiettivo \u00e8 quello di rilanciare la filiera agricola e industriale della canapa come coltura sostenibile sul nostro territorio, creando un network con le aziende agricole locali che vogliono rilanciarsi e credono nello sviluppo di questa importante filiera in Italia.<\/p>\n<p>La Marijuana Light \u00e8 Legale e non \u00e8 destinata a trattare o curare o prevenire alcuna malattia. Non deve essere ingerita, fumata o inalata. TheGreenLife non risponde di un uso scorretto del prodotto. Le Cannabis Light sono da intendersi solamente per ricerca, sviluppo, uso tecnico o collezionismo, non vanno assolutamente destinate al consumo alimentare o farmaceutico. Vanno tenute fuori dalla portata dei bambini. Su questo sito la vendita di Cannabis Light \u00e8 vietata ai minori di 18 anni.[\/vc_column_text][\/vc_column_inner][vc_column_inner el_class=&#8221;about-slider&#8221; width=&#8221;1\/2&#8243;][vc_gallery interval=&#8221;0&#8243; images=&#8221;9150&#8243; img_size=&#8221;800*500&#8243; onclick=&#8221;img_link_large&#8221;][\/vc_column_inner][\/vc_row_inner][vc_row_inner css=&#8221;.vc_custom_1549460603049{margin-top: 60px !important;}&#8221;][vc_column_inner el_class=&#8221;about-slider&#8221;]<div class=\"shortcode-title center \"><div class=\"big-title\"><h1 class=\"light-title\" style=\"color:#3eab37;\">Non solo infiorescenze<\/h1><\/div><\/div>[\/vc_column_inner][\/vc_row_inner][vc_row_inner][vc_column_inner el_class=&#8221;about-us&#8221; width=&#8221;1\/2&#8243; css=&#8221;.vc_custom_1549465182518{padding-bottom: 30px !important;}&#8221;][vc_gallery interval=&#8221;0&#8243; images=&#8221;9385&#8243; img_size=&#8221;800*500&#8243; onclick=&#8221;img_link_large&#8221;][\/vc_column_inner][vc_column_inner el_class=&#8221;about-slider&#8221; width=&#8221;1\/2&#8243;][vc_column_text][\/vc_column_text][vc_column_text css=&#8221;.vc_custom_1642501566529{padding-right: 10px !important;padding-bottom: 10px !important;padding-left: 10px !important;}&#8221;]La nostra azienda si ramifica in 3 diversi settori: allevamento di animali per la produzione di materie prime e carni, produzione vegetale di foraggio e grano ed infine la ristorazione.<br \/>\nNel nostro agriturismo offriamo alla clientela prodotti Bio a km zero, e da circa 3 anni\u00a0 abbiamo introdotto l\u2019utilizzo della canapa anche nel settore alimentare, riscuotendo forte interesse e curiosit\u00e0.<br \/>\nSe vuoi saperne di pi\u00f9 seguici su Fb: <a href=\"https:\/\/www.facebook.com\/Agriturismo-La-Taverna-177395592272673\" target=\"_blank\" rel=\"noopener noreferrer\">Agriturismo La Taverna<\/a> e IG: <a href=\"https:\/\/www.instagram.com\/agriturismo_lataverna\" target=\"_blank\" rel=\"noopener noreferrer\">agriturismo_lataverna<\/a><\/p>\n<p>Nella filiera della canapa invece oltre ad infiorescenze e tisane, la nostra azienda produce anche miele e olio aromatizzati alla canapa.[\/vc_column_text][\/vc_column_inner][\/vc_row_inner][vc_row_inner][vc_column_inner el_class=&#8221;about-slider&#8221; width=&#8221;1\/2&#8243;][vc_column_text]<em><strong>DATI AZIENDALI:<\/strong><\/em>[\/vc_column_text][vc_column_text css=&#8221;.vc_custom_1642501459399{padding-right: 10px !important;padding-bottom: 10px !important;padding-left: 10px !important;}&#8221;]<\/p>\n<p>&nbsp;<\/p>\n<p><b>La Taverna di Di Maria Carmine e Nadia s.s.a<\/b><b>.<\/b><\/p>\n<p><b>Fontanelice (BO) 40025, Via<\/b><b>\u00a0Casolana 53\u00a0<\/b><\/p>\n<p><b>p<\/b><b>.iva e C.F. 02765941204<\/b>[\/vc_column_text][\/vc_column_inner][\/vc_row_inner][\/vc_column][\/vc_row]<\/p>\n","protected":false},"excerpt":{"rendered":"<p>[vc_row el_class=&#8221;custom-content-main theme-container&#8221; css=&#8221;.vc_custom_1549464971564{padding-top: 30px !important;padding-right: 0px !important;padding-left: 0px !important;background-color: #ffffff !important;}&#8221;][vc_column][vc_row_inner][vc_column_inner el_class=&#8221;about-us&#8221; width=&#8221;1\/2&#8243; css=&#8221;.vc_custom_1491973733106{padding-right: 30px !important;padding-bottom: 30px !important;}&#8221;][vc_column_text css=&#8221;.vc_custom_1549465568931{padding-right: 10px !important;padding-bottom: 10px !important;padding-left: 10px !important;}&#8221;]Siamo un\u2019azienda agricola da tre generazioni, in espansione grazie al ricambio generazionale. La nostra azienda che copre una superficie di oltre 22 ettari, dei quali su circa \u00bd ha dalla fine del 2017 coltiviamo canapa sativa L. Coltiviamo le nostre piante di canapa legale all\u2019aperto e in serra indoor, in una zona collinare a 500 metri s.l.m., sull\u2019appennino Tosco-Romagnolo. Il nostro core business \u00e8 la produzione di fiori e derivati di canapa di alta qualit\u00e0, mercato in forte espansione, viste anche le numerose propriet\u00e0 benefiche dei suoi derivati. Tutte le nostre piante provengono da semi certificati, presenti nella lista delle sementi certificate europee secondo le direttiva 2002\/53\/CE del Consiglio UE. Le nostre 3 variet\u00e0 di canapa racchiudono le migliori caratteristiche di profumo, sapore e contemporaneamente&hellip; <a class=\"read-more-link\" href=\"https:\/\/thegreenlife.it\/?page_id=211\">Read More<\/a><\/p>\n","protected":false},"author":1,"featured_media":0,"parent":0,"menu_order":0,"comment_status":"closed","ping_status":"closed","template":"","meta":{"footnotes":""},"class_list":["post-211","page","type-page","status-publish","hentry"],"_links":{"self":[{"href":"https:\/\/thegreenlife.it\/index.php?rest_route=\/wp\/v2\/pages\/211","targetHints":{"allow":["GET"]}}],"collection":[{"href":"https:\/\/thegreenlife.it\/index.php?rest_route=\/wp\/v2\/pages"}],"about":[{"href":"https:\/\/thegreenlife.it\/index.php?rest_route=\/wp\/v2\/types\/page"}],"author":[{"embeddable":true,"href":"https:\/\/thegreenlife.it\/index.php?rest_route=\/wp\/v2\/users\/1"}],"replies":[{"embeddable":true,"href":"https:\/\/thegreenlife.it\/index.php?rest_route=%2Fwp%2Fv2%2Fcomments&post=211"}],"version-history":[{"count":19,"href":"https:\/\/thegreenlife.it\/index.php?rest_route=\/wp\/v2\/pages\/211\/revisions"}],"predecessor-version":[{"id":9679,"href":"https:\/\/thegreenlife.it\/index.php?rest_route=\/wp\/v2\/pages\/211\/revisions\/9679"}],"wp:attachment":[{"href":"https:\/\/thegreenlife.it\/index.php?rest_route=%2Fwp%2Fv2%2Fmedia&parent=211"}],"curies":[{"name":"wp","href":"https:\/\/api.w.org\/{rel}","templated":true}]}}